{"id":2666,"date":"2022-12-07T16:05:06","date_gmt":"2022-12-07T15:05:06","guid":{"rendered":"https:\/\/dplus.indaweb.it\/prodotto\/bull\/"},"modified":"2025-07-23T14:42:04","modified_gmt":"2025-07-23T12:42:04","slug":"bull","status":"publish","type":"product","link":"https:\/\/dplusitalia.it\/fr\/produit\/bull\/","title":{"rendered":"Bull"},"content":{"rendered":"<p>Bull est un op\u00e9rateur \u00e9l\u00e9ctromechanique pour la motorisation de portails coulissants avec r\u00e9duction en bain d&rsquo;huile. Gamme de moteurs avec capacit\u00e9 de 2200kg monophase et 2500kg triphasique ou triphasique avec INVERTER<\/p>\n","protected":false},"excerpt":{"rendered":"<p>Bull est un op\u00e9rateur \u00e9l\u00e9ctromechanique pour la motorisation de portails coulissants avec r\u00e9duction en bain d&rsquo;huile. Gamme de moteurs avec capacit\u00e9 de 2200kg monophase et 2500kg triphasique ou triphasique avec INVERTER<\/p>\n","protected":false},"featured_media":3710,"comment_status":"closed","ping_status":"closed","template":"","meta":{"_et_pb_use_builder":"","_et_pb_old_content":"","_et_gb_content_width":""},"product_brand":[],"product_cat":[71,76],"product_tag":[],"class_list":{"0":"post-2666","1":"product","2":"type-product","3":"status-publish","4":"has-post-thumbnail","6":"product_cat-portails-coulissants","7":"product_cat-noveautes","9":"first","10":"instock","11":"shipping-taxable","12":"product-type-simple"},"acf":[],"yoast_head":"<!-- This site is optimized with the Yoast SEO plugin v20.10 - https:\/\/yoast.com\/wordpress\/plugins\/seo\/ -->\n<title>Bull - Portails coulissants, Noveaut\u00e9s - DPlus<\/title>\n<meta name=\"description\" content=\"D\u00e9couvrez d\u00e8s maintenant Bull, une des solutions DPlus. Produits sp\u00e9cifiques divis\u00e9s par diff\u00e9rents types d&#039;ouverture, fonctions et dimensions.\" \/>\n<meta name=\"robots\" content=\"index, follow, max-snippet:-1, max-image-preview:large, max-video-preview:-1\" \/>\n<link rel=\"canonical\" href=\"https:\/\/dplusitalia.it\/fr\/produit\/bull\/\" \/>\n<meta property=\"og:locale\" content=\"fr_FR\" \/>\n<meta property=\"og:type\" content=\"article\" \/>\n<meta property=\"og:title\" content=\"Bull - Portails coulissants, Noveaut\u00e9s - DPlus\" \/>\n<meta property=\"og:description\" content=\"D\u00e9couvrez d\u00e8s maintenant Bull, une des solutions DPlus. Produits sp\u00e9cifiques divis\u00e9s par diff\u00e9rents types d&#039;ouverture, fonctions et dimensions.\" \/>\n<meta property=\"og:url\" content=\"https:\/\/dplusitalia.it\/fr\/produit\/bull\/\" \/>\n<meta property=\"og:site_name\" content=\"DPlus\" \/>\n<meta property=\"article:publisher\" content=\"https:\/\/www.facebook.com\/people\/DPLUS-Automation-Systems\/100063538512160\/\" \/>\n<meta property=\"article:modified_time\" content=\"2025-07-23T12:42:04+00:00\" \/>\n<meta property=\"og:image\" content=\"https:\/\/dplusitalia.it\/wp-content\/uploads\/2022\/12\/BULL-1.jpg\" \/>\n\t<meta property=\"og:image:width\" content=\"1600\" \/>\n\t<meta property=\"og:image:height\" content=\"2000\" \/>\n\t<meta property=\"og:image:type\" content=\"image\/jpeg\" \/>\n<meta name=\"twitter:card\" content=\"summary_large_image\" \/>\n<meta name=\"twitter:label1\" content=\"Dur\u00e9e de lecture estim\u00e9e\" \/>\n\t<meta name=\"twitter:data1\" content=\"1 minute\" \/>\n<script type=\"application\/ld+json\" class=\"yoast-schema-graph\">{\"@context\":\"https:\/\/schema.org\",\"@graph\":[{\"@type\":\"WebPage\",\"@id\":\"https:\/\/dplusitalia.it\/fr\/produit\/bull\/\",\"url\":\"https:\/\/dplusitalia.it\/fr\/produit\/bull\/\",\"name\":\"Bull - Portails coulissants, Noveaut\u00e9s - DPlus\",\"isPartOf\":{\"@id\":\"https:\/\/dplusitalia.it\/fr\/#website\"},\"datePublished\":\"2022-12-07T15:05:06+00:00\",\"dateModified\":\"2025-07-23T12:42:04+00:00\",\"description\":\"D\u00e9couvrez d\u00e8s maintenant Bull, une des solutions DPlus. Produits sp\u00e9cifiques divis\u00e9s par diff\u00e9rents types d'ouverture, fonctions et dimensions.\",\"breadcrumb\":{\"@id\":\"https:\/\/dplusitalia.it\/fr\/produit\/bull\/#breadcrumb\"},\"inLanguage\":\"fr-FR\",\"potentialAction\":[{\"@type\":\"ReadAction\",\"target\":[\"https:\/\/dplusitalia.it\/fr\/produit\/bull\/\"]}]},{\"@type\":\"BreadcrumbList\",\"@id\":\"https:\/\/dplusitalia.it\/fr\/produit\/bull\/#breadcrumb\",\"itemListElement\":[{\"@type\":\"ListItem\",\"position\":1,\"name\":\"Home\",\"item\":\"https:\/\/dplusitalia.it\/fr\/\"},{\"@type\":\"ListItem\",\"position\":2,\"name\":\"Automatismes\",\"item\":\"https:\/\/dplusitalia.it\/fr\/automatismes\/\"},{\"@type\":\"ListItem\",\"position\":3,\"name\":\"Bull\"}]},{\"@type\":\"WebSite\",\"@id\":\"https:\/\/dplusitalia.it\/fr\/#website\",\"url\":\"https:\/\/dplusitalia.it\/fr\/\",\"name\":\"DPlus Srl\",\"description\":\"Automation System\",\"publisher\":{\"@id\":\"https:\/\/dplusitalia.it\/fr\/#organization\"},\"potentialAction\":[{\"@type\":\"SearchAction\",\"target\":{\"@type\":\"EntryPoint\",\"urlTemplate\":\"https:\/\/dplusitalia.it\/fr\/?s={search_term_string}\"},\"query-input\":\"required name=search_term_string\"}],\"inLanguage\":\"fr-FR\"},{\"@type\":\"Organization\",\"@id\":\"https:\/\/dplusitalia.it\/fr\/#organization\",\"name\":\"DPlus Srl\",\"url\":\"https:\/\/dplusitalia.it\/fr\/\",\"logo\":{\"@type\":\"ImageObject\",\"inLanguage\":\"fr-FR\",\"@id\":\"https:\/\/dplusitalia.it\/fr\/#\/schema\/logo\/image\/\",\"url\":\"https:\/\/dplusitalia.it\/wp-content\/uploads\/2022\/11\/D-Plus_Logo_Generico_Web.png\",\"contentUrl\":\"https:\/\/dplusitalia.it\/wp-content\/uploads\/2022\/11\/D-Plus_Logo_Generico_Web.png\",\"width\":400,\"height\":159,\"caption\":\"DPlus Srl\"},\"image\":{\"@id\":\"https:\/\/dplusitalia.it\/fr\/#\/schema\/logo\/image\/\"},\"sameAs\":[\"https:\/\/www.facebook.com\/people\/DPLUS-Automation-Systems\/100063538512160\/\"]}]}<\/script>\n<!-- \/ Yoast SEO plugin. -->","yoast_head_json":{"title":"Bull - Portails coulissants, Noveaut\u00e9s - DPlus","description":"D\u00e9couvrez d\u00e8s maintenant Bull, une des solutions DPlus. Produits sp\u00e9cifiques divis\u00e9s par diff\u00e9rents types d'ouverture, fonctions et dimensions.","robots":{"index":"index","follow":"follow","max-snippet":"max-snippet:-1","max-image-preview":"max-image-preview:large","max-video-preview":"max-video-preview:-1"},"canonical":"https:\/\/dplusitalia.it\/fr\/produit\/bull\/","og_locale":"fr_FR","og_type":"article","og_title":"Bull - Portails coulissants, Noveaut\u00e9s - DPlus","og_description":"D\u00e9couvrez d\u00e8s maintenant Bull, une des solutions DPlus. Produits sp\u00e9cifiques divis\u00e9s par diff\u00e9rents types d'ouverture, fonctions et dimensions.","og_url":"https:\/\/dplusitalia.it\/fr\/produit\/bull\/","og_site_name":"DPlus","article_publisher":"https:\/\/www.facebook.com\/people\/DPLUS-Automation-Systems\/100063538512160\/","article_modified_time":"2025-07-23T12:42:04+00:00","og_image":[{"width":1600,"height":2000,"url":"https:\/\/dplusitalia.it\/wp-content\/uploads\/2022\/12\/BULL-1.jpg","type":"image\/jpeg"}],"twitter_card":"summary_large_image","twitter_misc":{"Dur\u00e9e de lecture estim\u00e9e":"1 minute"},"schema":{"@context":"https:\/\/schema.org","@graph":[{"@type":"WebPage","@id":"https:\/\/dplusitalia.it\/fr\/produit\/bull\/","url":"https:\/\/dplusitalia.it\/fr\/produit\/bull\/","name":"Bull - Portails coulissants, Noveaut\u00e9s - DPlus","isPartOf":{"@id":"https:\/\/dplusitalia.it\/fr\/#website"},"datePublished":"2022-12-07T15:05:06+00:00","dateModified":"2025-07-23T12:42:04+00:00","description":"D\u00e9couvrez d\u00e8s maintenant Bull, une des solutions DPlus. Produits sp\u00e9cifiques divis\u00e9s par diff\u00e9rents types d'ouverture, fonctions et dimensions.","breadcrumb":{"@id":"https:\/\/dplusitalia.it\/fr\/produit\/bull\/#breadcrumb"},"inLanguage":"fr-FR","potentialAction":[{"@type":"ReadAction","target":["https:\/\/dplusitalia.it\/fr\/produit\/bull\/"]}]},{"@type":"BreadcrumbList","@id":"https:\/\/dplusitalia.it\/fr\/produit\/bull\/#breadcrumb","itemListElement":[{"@type":"ListItem","position":1,"name":"Home","item":"https:\/\/dplusitalia.it\/fr\/"},{"@type":"ListItem","position":2,"name":"Automatismes","item":"https:\/\/dplusitalia.it\/fr\/automatismes\/"},{"@type":"ListItem","position":3,"name":"Bull"}]},{"@type":"WebSite","@id":"https:\/\/dplusitalia.it\/fr\/#website","url":"https:\/\/dplusitalia.it\/fr\/","name":"DPlus Srl","description":"Automation System","publisher":{"@id":"https:\/\/dplusitalia.it\/fr\/#organization"},"potentialAction":[{"@type":"SearchAction","target":{"@type":"EntryPoint","urlTemplate":"https:\/\/dplusitalia.it\/fr\/?s={search_term_string}"},"query-input":"required name=search_term_string"}],"inLanguage":"fr-FR"},{"@type":"Organization","@id":"https:\/\/dplusitalia.it\/fr\/#organization","name":"DPlus Srl","url":"https:\/\/dplusitalia.it\/fr\/","logo":{"@type":"ImageObject","inLanguage":"fr-FR","@id":"https:\/\/dplusitalia.it\/fr\/#\/schema\/logo\/image\/","url":"https:\/\/dplusitalia.it\/wp-content\/uploads\/2022\/11\/D-Plus_Logo_Generico_Web.png","contentUrl":"https:\/\/dplusitalia.it\/wp-content\/uploads\/2022\/11\/D-Plus_Logo_Generico_Web.png","width":400,"height":159,"caption":"DPlus Srl"},"image":{"@id":"https:\/\/dplusitalia.it\/fr\/#\/schema\/logo\/image\/"},"sameAs":["https:\/\/www.facebook.com\/people\/DPLUS-Automation-Systems\/100063538512160\/"]}]}},"_links":{"self":[{"href":"https:\/\/dplusitalia.it\/fr\/wp-json\/wp\/v2\/product\/2666","targetHints":{"allow":["GET"]}}],"collection":[{"href":"https:\/\/dplusitalia.it\/fr\/wp-json\/wp\/v2\/product"}],"about":[{"href":"https:\/\/dplusitalia.it\/fr\/wp-json\/wp\/v2\/types\/product"}],"replies":[{"embeddable":true,"href":"https:\/\/dplusitalia.it\/fr\/wp-json\/wp\/v2\/comments?post=2666"}],"wp:featuredmedia":[{"embeddable":true,"href":"https:\/\/dplusitalia.it\/fr\/wp-json\/wp\/v2\/media\/3710"}],"wp:attachment":[{"href":"https:\/\/dplusitalia.it\/fr\/wp-json\/wp\/v2\/media?parent=2666"}],"wp:term":[{"taxonomy":"product_brand","embeddable":true,"href":"https:\/\/dplusitalia.it\/fr\/wp-json\/wp\/v2\/product_brand?post=2666"},{"taxonomy":"product_cat","embeddable":true,"href":"https:\/\/dplusitalia.it\/fr\/wp-json\/wp\/v2\/product_cat?post=2666"},{"taxonomy":"product_tag","embeddable":true,"href":"https:\/\/dplusitalia.it\/fr\/wp-json\/wp\/v2\/product_tag?post=2666"}],"curies":[{"name":"wp","href":"https:\/\/api.w.org\/{rel}","templated":true}]}}