{"id":2614,"date":"2023-03-14T11:25:52","date_gmt":"2023-03-14T10:25:52","guid":{"rendered":"https:\/\/dplus.indaweb.it\/prodotto\/lase4s\/"},"modified":"2023-06-27T16:25:45","modified_gmt":"2023-06-27T14:25:45","slug":"lase4s","status":"publish","type":"product","link":"https:\/\/dplusitalia.it\/fr\/produit\/lase4s\/","title":{"rendered":"LASE4S"},"content":{"rendered":"<h3>SYST\u00c8ME D&rsquo;INTERPHONE VID\u00c9O<\/h3>\n<p>Moniteur interne de 4,3 pouces, argent<\/p>\n<h4>2 FILS ANALOGIQUE<\/h4>\n<ul>\n<li>Il prend en charge 2 unit\u00e9s ext\u00e9rieures + 4 moniteurs internes + 2 cam\u00e8ras CCTV<\/li>\n<li>Il prend en charge au max. une carte SD de 32G<\/li>\n<li>R\u00e9solution: 480&#215;272<\/li>\n<li>Surveillance\/Interphone\/D\u00e9verrouillage\/Enregistrement et prise d&rsquo;images<\/li>\n<\/ul>\n","protected":false},"excerpt":{"rendered":"<p>SYST\u00c8ME D&rsquo;INTERPHONE VID\u00c9O Moniteur interne de 4,3 pouces, argent 2 FILS ANALOGIQUE Il prend en charge 2 unit\u00e9s ext\u00e9rieures + 4 moniteurs internes + 2 cam\u00e8ras CCTV Il prend en charge au max. une carte SD de 32G R\u00e9solution: 480&#215;272 Surveillance\/Interphone\/D\u00e9verrouillage\/Enregistrement et prise d&rsquo;images<\/p>\n","protected":false},"featured_media":1687,"comment_status":"closed","ping_status":"closed","template":"","meta":{"_et_pb_use_builder":"","_et_pb_old_content":"","_et_gb_content_width":""},"product_brand":[],"product_cat":[77,79],"product_tag":[],"class_list":{"0":"post-2614","1":"product","2":"type-product","3":"status-publish","4":"has-post-thumbnail","6":"product_cat-maison-intelligente","7":"product_cat-interphone-video","9":"first","10":"instock","11":"shipping-taxable","12":"product-type-simple"},"acf":[],"yoast_head":"<!-- This site is optimized with the Yoast SEO plugin v20.10 - https:\/\/yoast.com\/wordpress\/plugins\/seo\/ -->\n<title>LASE4S - MAISON INTELLIGENTE, INTERPHONE VID\u00c9O - DPlus<\/title>\n<meta name=\"description\" content=\"D\u00e9couvrez d\u00e8s maintenant LASE4S, une des solutions DPlus. Produits sp\u00e9cifiques divis\u00e9s par diff\u00e9rents types d&#039;ouverture, fonctions et dimensions.\" \/>\n<meta name=\"robots\" content=\"index, follow, max-snippet:-1, max-image-preview:large, max-video-preview:-1\" \/>\n<link rel=\"canonical\" href=\"https:\/\/dplusitalia.it\/fr\/produit\/lase4s\/\" \/>\n<meta property=\"og:locale\" content=\"fr_FR\" \/>\n<meta property=\"og:type\" content=\"article\" \/>\n<meta property=\"og:title\" content=\"LASE4S - MAISON INTELLIGENTE, INTERPHONE VID\u00c9O - DPlus\" \/>\n<meta property=\"og:description\" content=\"D\u00e9couvrez d\u00e8s maintenant LASE4S, une des solutions DPlus. Produits sp\u00e9cifiques divis\u00e9s par diff\u00e9rents types d&#039;ouverture, fonctions et dimensions.\" \/>\n<meta property=\"og:url\" content=\"https:\/\/dplusitalia.it\/fr\/produit\/lase4s\/\" \/>\n<meta property=\"og:site_name\" content=\"DPlus\" \/>\n<meta property=\"article:publisher\" content=\"https:\/\/www.facebook.com\/people\/DPLUS-Automation-Systems\/100063538512160\/\" \/>\n<meta property=\"article:modified_time\" content=\"2023-06-27T14:25:45+00:00\" \/>\n<meta property=\"og:image\" content=\"https:\/\/dplusitalia.it\/wp-content\/uploads\/2023\/03\/LASE4S.jpg\" \/>\n\t<meta property=\"og:image:width\" content=\"1000\" \/>\n\t<meta property=\"og:image:height\" content=\"1000\" \/>\n\t<meta property=\"og:image:type\" content=\"image\/jpeg\" \/>\n<meta name=\"twitter:card\" content=\"summary_large_image\" \/>\n<script type=\"application\/ld+json\" class=\"yoast-schema-graph\">{\"@context\":\"https:\/\/schema.org\",\"@graph\":[{\"@type\":\"WebPage\",\"@id\":\"https:\/\/dplusitalia.it\/fr\/produit\/lase4s\/\",\"url\":\"https:\/\/dplusitalia.it\/fr\/produit\/lase4s\/\",\"name\":\"LASE4S - MAISON INTELLIGENTE, INTERPHONE VID\u00c9O - DPlus\",\"isPartOf\":{\"@id\":\"https:\/\/dplusitalia.it\/fr\/#website\"},\"datePublished\":\"2023-03-14T10:25:52+00:00\",\"dateModified\":\"2023-06-27T14:25:45+00:00\",\"description\":\"D\u00e9couvrez d\u00e8s maintenant LASE4S, une des solutions DPlus. Produits sp\u00e9cifiques divis\u00e9s par diff\u00e9rents types d'ouverture, fonctions et dimensions.\",\"breadcrumb\":{\"@id\":\"https:\/\/dplusitalia.it\/fr\/produit\/lase4s\/#breadcrumb\"},\"inLanguage\":\"fr-FR\",\"potentialAction\":[{\"@type\":\"ReadAction\",\"target\":[\"https:\/\/dplusitalia.it\/fr\/produit\/lase4s\/\"]}]},{\"@type\":\"BreadcrumbList\",\"@id\":\"https:\/\/dplusitalia.it\/fr\/produit\/lase4s\/#breadcrumb\",\"itemListElement\":[{\"@type\":\"ListItem\",\"position\":1,\"name\":\"Home\",\"item\":\"https:\/\/dplusitalia.it\/fr\/\"},{\"@type\":\"ListItem\",\"position\":2,\"name\":\"Automatismes\",\"item\":\"https:\/\/dplusitalia.it\/fr\/automatismes\/\"},{\"@type\":\"ListItem\",\"position\":3,\"name\":\"LASE4S\"}]},{\"@type\":\"WebSite\",\"@id\":\"https:\/\/dplusitalia.it\/fr\/#website\",\"url\":\"https:\/\/dplusitalia.it\/fr\/\",\"name\":\"DPlus Srl\",\"description\":\"Automation System\",\"publisher\":{\"@id\":\"https:\/\/dplusitalia.it\/fr\/#organization\"},\"potentialAction\":[{\"@type\":\"SearchAction\",\"target\":{\"@type\":\"EntryPoint\",\"urlTemplate\":\"https:\/\/dplusitalia.it\/fr\/?s={search_term_string}\"},\"query-input\":\"required name=search_term_string\"}],\"inLanguage\":\"fr-FR\"},{\"@type\":\"Organization\",\"@id\":\"https:\/\/dplusitalia.it\/fr\/#organization\",\"name\":\"DPlus Srl\",\"url\":\"https:\/\/dplusitalia.it\/fr\/\",\"logo\":{\"@type\":\"ImageObject\",\"inLanguage\":\"fr-FR\",\"@id\":\"https:\/\/dplusitalia.it\/fr\/#\/schema\/logo\/image\/\",\"url\":\"https:\/\/dplusitalia.it\/wp-content\/uploads\/2022\/11\/D-Plus_Logo_Generico_Web.png\",\"contentUrl\":\"https:\/\/dplusitalia.it\/wp-content\/uploads\/2022\/11\/D-Plus_Logo_Generico_Web.png\",\"width\":400,\"height\":159,\"caption\":\"DPlus Srl\"},\"image\":{\"@id\":\"https:\/\/dplusitalia.it\/fr\/#\/schema\/logo\/image\/\"},\"sameAs\":[\"https:\/\/www.facebook.com\/people\/DPLUS-Automation-Systems\/100063538512160\/\"]}]}<\/script>\n<!-- \/ Yoast SEO plugin. -->","yoast_head_json":{"title":"LASE4S - MAISON INTELLIGENTE, INTERPHONE VID\u00c9O - DPlus","description":"D\u00e9couvrez d\u00e8s maintenant LASE4S, une des solutions DPlus. Produits sp\u00e9cifiques divis\u00e9s par diff\u00e9rents types d'ouverture, fonctions et dimensions.","robots":{"index":"index","follow":"follow","max-snippet":"max-snippet:-1","max-image-preview":"max-image-preview:large","max-video-preview":"max-video-preview:-1"},"canonical":"https:\/\/dplusitalia.it\/fr\/produit\/lase4s\/","og_locale":"fr_FR","og_type":"article","og_title":"LASE4S - MAISON INTELLIGENTE, INTERPHONE VID\u00c9O - DPlus","og_description":"D\u00e9couvrez d\u00e8s maintenant LASE4S, une des solutions DPlus. Produits sp\u00e9cifiques divis\u00e9s par diff\u00e9rents types d'ouverture, fonctions et dimensions.","og_url":"https:\/\/dplusitalia.it\/fr\/produit\/lase4s\/","og_site_name":"DPlus","article_publisher":"https:\/\/www.facebook.com\/people\/DPLUS-Automation-Systems\/100063538512160\/","article_modified_time":"2023-06-27T14:25:45+00:00","og_image":[{"width":1000,"height":1000,"url":"https:\/\/dplusitalia.it\/wp-content\/uploads\/2023\/03\/LASE4S.jpg","type":"image\/jpeg"}],"twitter_card":"summary_large_image","schema":{"@context":"https:\/\/schema.org","@graph":[{"@type":"WebPage","@id":"https:\/\/dplusitalia.it\/fr\/produit\/lase4s\/","url":"https:\/\/dplusitalia.it\/fr\/produit\/lase4s\/","name":"LASE4S - MAISON INTELLIGENTE, INTERPHONE VID\u00c9O - DPlus","isPartOf":{"@id":"https:\/\/dplusitalia.it\/fr\/#website"},"datePublished":"2023-03-14T10:25:52+00:00","dateModified":"2023-06-27T14:25:45+00:00","description":"D\u00e9couvrez d\u00e8s maintenant LASE4S, une des solutions DPlus. Produits sp\u00e9cifiques divis\u00e9s par diff\u00e9rents types d'ouverture, fonctions et dimensions.","breadcrumb":{"@id":"https:\/\/dplusitalia.it\/fr\/produit\/lase4s\/#breadcrumb"},"inLanguage":"fr-FR","potentialAction":[{"@type":"ReadAction","target":["https:\/\/dplusitalia.it\/fr\/produit\/lase4s\/"]}]},{"@type":"BreadcrumbList","@id":"https:\/\/dplusitalia.it\/fr\/produit\/lase4s\/#breadcrumb","itemListElement":[{"@type":"ListItem","position":1,"name":"Home","item":"https:\/\/dplusitalia.it\/fr\/"},{"@type":"ListItem","position":2,"name":"Automatismes","item":"https:\/\/dplusitalia.it\/fr\/automatismes\/"},{"@type":"ListItem","position":3,"name":"LASE4S"}]},{"@type":"WebSite","@id":"https:\/\/dplusitalia.it\/fr\/#website","url":"https:\/\/dplusitalia.it\/fr\/","name":"DPlus Srl","description":"Automation System","publisher":{"@id":"https:\/\/dplusitalia.it\/fr\/#organization"},"potentialAction":[{"@type":"SearchAction","target":{"@type":"EntryPoint","urlTemplate":"https:\/\/dplusitalia.it\/fr\/?s={search_term_string}"},"query-input":"required name=search_term_string"}],"inLanguage":"fr-FR"},{"@type":"Organization","@id":"https:\/\/dplusitalia.it\/fr\/#organization","name":"DPlus Srl","url":"https:\/\/dplusitalia.it\/fr\/","logo":{"@type":"ImageObject","inLanguage":"fr-FR","@id":"https:\/\/dplusitalia.it\/fr\/#\/schema\/logo\/image\/","url":"https:\/\/dplusitalia.it\/wp-content\/uploads\/2022\/11\/D-Plus_Logo_Generico_Web.png","contentUrl":"https:\/\/dplusitalia.it\/wp-content\/uploads\/2022\/11\/D-Plus_Logo_Generico_Web.png","width":400,"height":159,"caption":"DPlus Srl"},"image":{"@id":"https:\/\/dplusitalia.it\/fr\/#\/schema\/logo\/image\/"},"sameAs":["https:\/\/www.facebook.com\/people\/DPLUS-Automation-Systems\/100063538512160\/"]}]}},"_links":{"self":[{"href":"https:\/\/dplusitalia.it\/fr\/wp-json\/wp\/v2\/product\/2614","targetHints":{"allow":["GET"]}}],"collection":[{"href":"https:\/\/dplusitalia.it\/fr\/wp-json\/wp\/v2\/product"}],"about":[{"href":"https:\/\/dplusitalia.it\/fr\/wp-json\/wp\/v2\/types\/product"}],"replies":[{"embeddable":true,"href":"https:\/\/dplusitalia.it\/fr\/wp-json\/wp\/v2\/comments?post=2614"}],"wp:featuredmedia":[{"embeddable":true,"href":"https:\/\/dplusitalia.it\/fr\/wp-json\/wp\/v2\/media\/1687"}],"wp:attachment":[{"href":"https:\/\/dplusitalia.it\/fr\/wp-json\/wp\/v2\/media?parent=2614"}],"wp:term":[{"taxonomy":"product_brand","embeddable":true,"href":"https:\/\/dplusitalia.it\/fr\/wp-json\/wp\/v2\/product_brand?post=2614"},{"taxonomy":"product_cat","embeddable":true,"href":"https:\/\/dplusitalia.it\/fr\/wp-json\/wp\/v2\/product_cat?post=2614"},{"taxonomy":"product_tag","embeddable":true,"href":"https:\/\/dplusitalia.it\/fr\/wp-json\/wp\/v2\/product_tag?post=2614"}],"curies":[{"name":"wp","href":"https:\/\/api.w.org\/{rel}","templated":true}]}}