{"id":2572,"date":"2023-03-16T11:17:33","date_gmt":"2023-03-16T10:17:33","guid":{"rendered":"https:\/\/dplus.indaweb.it\/prodotto\/spike_w-spike_b\/"},"modified":"2023-06-27T11:55:41","modified_gmt":"2023-06-27T09:55:41","slug":"spike_w-spike_b","status":"publish","type":"product","link":"https:\/\/dplusitalia.it\/fr\/produit\/spike_w-spike_b\/","title":{"rendered":"SPIKE_W\/SPIKE_B"},"content":{"rendered":"<h3>SYST\u00c8ME D&rsquo;ALARM<\/h3>\n<p>Syst\u00e8me d&rsquo;alarm pour habitations, bureaux, magasins.<\/p>\n<ul>\n<li>99 zones sans fil et 4 zones filaires pour 4 capteurs filaires, 20 t\u00e9l\u00e9commandes.<\/li>\n<li>\u00c9cran TFT WIFI 2.4G + syst\u00e8me d&rsquo;alarme GSM<\/li>\n<li>Couleur: blanc\/noir<\/li>\n<li>Applications: Tuya Smart ou Smart Life<\/li>\n<li>Clavier tactile<\/li>\n<li>Volume de la sir\u00e8ne d&rsquo;alarme integr\u00e9e: 100dB<\/li>\n<li>Il prend en charge 6 groupes d&rsquo;appels t\u00e9l\u00e9phoniques d&rsquo;alarme + 6 groupes de SMS<\/li>\n<li>Fr\u00e9quence GSM 2G: 850\/900\/1800\/1900MHz<\/li>\n<li>Menu multilingue avec avertissement de fonctionnement vocal: italien\/anglais\/ russe\/fran\u00e7ais\/espagnol\/vietnamien\/polonais\/n\u00e9erlandais\/turc<\/li>\n<li>Batterie au lithium int\u00e9gr\u00e9e de 3,7 V, 400 mAh<\/li>\n<li>Dimensions: 19x14x3 cm<\/li>\n<\/ul>\n","protected":false},"excerpt":{"rendered":"<p>SYST\u00c8ME D&rsquo;ALARM Syst\u00e8me d&rsquo;alarm pour habitations, bureaux, magasins. 99 zones sans fil et 4 zones filaires pour 4 capteurs filaires, 20 t\u00e9l\u00e9commandes. \u00c9cran TFT WIFI 2.4G + syst\u00e8me d&rsquo;alarme GSM Couleur: blanc\/noir Applications: Tuya Smart ou Smart Life Clavier tactile Volume de la sir\u00e8ne d&rsquo;alarme integr\u00e9e: 100dB Il prend en charge 6 groupes d&rsquo;appels t\u00e9l\u00e9phoniques [&hellip;]<\/p>\n","protected":false},"featured_media":1684,"comment_status":"open","ping_status":"closed","template":"","meta":{"_et_pb_use_builder":"","_et_pb_old_content":"","_et_gb_content_width":""},"product_brand":[],"product_cat":[77,78],"product_tag":[],"class_list":{"0":"post-2572","1":"product","2":"type-product","3":"status-publish","4":"has-post-thumbnail","6":"product_cat-maison-intelligente","7":"product_cat-systeme-dalarm-sans-fil","9":"first","10":"instock","11":"shipping-taxable","12":"product-type-simple"},"acf":[],"yoast_head":"<!-- This site is optimized with the Yoast SEO plugin v20.10 - https:\/\/yoast.com\/wordpress\/plugins\/seo\/ -->\n<title>SPIKE_W\/SPIKE_B - MAISON INTELLIGENTE, SYST\u00c8ME D\u2019ALARM SANS FIL - DPlus<\/title>\n<meta name=\"description\" content=\"D\u00e9couvrez d\u00e8s maintenant SPIKE_W\/SPIKE_B, une des solutions DPlus. Produits sp\u00e9cifiques divis\u00e9s par diff\u00e9rents types d&#039;ouverture, fonctions et dimensions.\" \/>\n<meta name=\"robots\" content=\"index, follow, max-snippet:-1, max-image-preview:large, max-video-preview:-1\" \/>\n<link rel=\"canonical\" href=\"https:\/\/dplusitalia.it\/fr\/produit\/spike_w-spike_b\/\" \/>\n<meta property=\"og:locale\" content=\"fr_FR\" \/>\n<meta property=\"og:type\" content=\"article\" \/>\n<meta property=\"og:title\" content=\"SPIKE_W\/SPIKE_B - MAISON INTELLIGENTE, SYST\u00c8ME D\u2019ALARM SANS FIL - DPlus\" \/>\n<meta property=\"og:description\" content=\"D\u00e9couvrez d\u00e8s maintenant SPIKE_W\/SPIKE_B, une des solutions DPlus. Produits sp\u00e9cifiques divis\u00e9s par diff\u00e9rents types d&#039;ouverture, fonctions et dimensions.\" \/>\n<meta property=\"og:url\" content=\"https:\/\/dplusitalia.it\/fr\/produit\/spike_w-spike_b\/\" \/>\n<meta property=\"og:site_name\" content=\"DPlus\" \/>\n<meta property=\"article:publisher\" content=\"https:\/\/www.facebook.com\/people\/DPLUS-Automation-Systems\/100063538512160\/\" \/>\n<meta property=\"article:modified_time\" content=\"2023-06-27T09:55:41+00:00\" \/>\n<meta property=\"og:image\" content=\"https:\/\/dplusitalia.it\/wp-content\/uploads\/2023\/03\/ALLARME_NERO-01.jpg\" \/>\n\t<meta property=\"og:image:width\" content=\"914\" \/>\n\t<meta property=\"og:image:height\" content=\"717\" \/>\n\t<meta property=\"og:image:type\" content=\"image\/jpeg\" \/>\n<meta name=\"twitter:card\" content=\"summary_large_image\" \/>\n<script type=\"application\/ld+json\" class=\"yoast-schema-graph\">{\"@context\":\"https:\/\/schema.org\",\"@graph\":[{\"@type\":\"WebPage\",\"@id\":\"https:\/\/dplusitalia.it\/fr\/produit\/spike_w-spike_b\/\",\"url\":\"https:\/\/dplusitalia.it\/fr\/produit\/spike_w-spike_b\/\",\"name\":\"SPIKE_W\/SPIKE_B - MAISON INTELLIGENTE, SYST\u00c8ME D\u2019ALARM SANS FIL - DPlus\",\"isPartOf\":{\"@id\":\"https:\/\/dplusitalia.it\/fr\/#website\"},\"datePublished\":\"2023-03-16T10:17:33+00:00\",\"dateModified\":\"2023-06-27T09:55:41+00:00\",\"description\":\"D\u00e9couvrez d\u00e8s maintenant SPIKE_W\/SPIKE_B, une des solutions DPlus. Produits sp\u00e9cifiques divis\u00e9s par diff\u00e9rents types d'ouverture, fonctions et dimensions.\",\"breadcrumb\":{\"@id\":\"https:\/\/dplusitalia.it\/fr\/produit\/spike_w-spike_b\/#breadcrumb\"},\"inLanguage\":\"fr-FR\",\"potentialAction\":[{\"@type\":\"ReadAction\",\"target\":[\"https:\/\/dplusitalia.it\/fr\/produit\/spike_w-spike_b\/\"]}]},{\"@type\":\"BreadcrumbList\",\"@id\":\"https:\/\/dplusitalia.it\/fr\/produit\/spike_w-spike_b\/#breadcrumb\",\"itemListElement\":[{\"@type\":\"ListItem\",\"position\":1,\"name\":\"Home\",\"item\":\"https:\/\/dplusitalia.it\/fr\/\"},{\"@type\":\"ListItem\",\"position\":2,\"name\":\"Automatismes\",\"item\":\"https:\/\/dplusitalia.it\/fr\/automatismes\/\"},{\"@type\":\"ListItem\",\"position\":3,\"name\":\"SPIKE_W\/SPIKE_B\"}]},{\"@type\":\"WebSite\",\"@id\":\"https:\/\/dplusitalia.it\/fr\/#website\",\"url\":\"https:\/\/dplusitalia.it\/fr\/\",\"name\":\"DPlus Srl\",\"description\":\"Automation System\",\"publisher\":{\"@id\":\"https:\/\/dplusitalia.it\/fr\/#organization\"},\"potentialAction\":[{\"@type\":\"SearchAction\",\"target\":{\"@type\":\"EntryPoint\",\"urlTemplate\":\"https:\/\/dplusitalia.it\/fr\/?s={search_term_string}\"},\"query-input\":\"required name=search_term_string\"}],\"inLanguage\":\"fr-FR\"},{\"@type\":\"Organization\",\"@id\":\"https:\/\/dplusitalia.it\/fr\/#organization\",\"name\":\"DPlus Srl\",\"url\":\"https:\/\/dplusitalia.it\/fr\/\",\"logo\":{\"@type\":\"ImageObject\",\"inLanguage\":\"fr-FR\",\"@id\":\"https:\/\/dplusitalia.it\/fr\/#\/schema\/logo\/image\/\",\"url\":\"https:\/\/dplusitalia.it\/wp-content\/uploads\/2022\/11\/D-Plus_Logo_Generico_Web.png\",\"contentUrl\":\"https:\/\/dplusitalia.it\/wp-content\/uploads\/2022\/11\/D-Plus_Logo_Generico_Web.png\",\"width\":400,\"height\":159,\"caption\":\"DPlus Srl\"},\"image\":{\"@id\":\"https:\/\/dplusitalia.it\/fr\/#\/schema\/logo\/image\/\"},\"sameAs\":[\"https:\/\/www.facebook.com\/people\/DPLUS-Automation-Systems\/100063538512160\/\"]}]}<\/script>\n<!-- \/ Yoast SEO plugin. -->","yoast_head_json":{"title":"SPIKE_W\/SPIKE_B - MAISON INTELLIGENTE, SYST\u00c8ME D\u2019ALARM SANS FIL - DPlus","description":"D\u00e9couvrez d\u00e8s maintenant SPIKE_W\/SPIKE_B, une des solutions DPlus. Produits sp\u00e9cifiques divis\u00e9s par diff\u00e9rents types d'ouverture, fonctions et dimensions.","robots":{"index":"index","follow":"follow","max-snippet":"max-snippet:-1","max-image-preview":"max-image-preview:large","max-video-preview":"max-video-preview:-1"},"canonical":"https:\/\/dplusitalia.it\/fr\/produit\/spike_w-spike_b\/","og_locale":"fr_FR","og_type":"article","og_title":"SPIKE_W\/SPIKE_B - MAISON INTELLIGENTE, SYST\u00c8ME D\u2019ALARM SANS FIL - DPlus","og_description":"D\u00e9couvrez d\u00e8s maintenant SPIKE_W\/SPIKE_B, une des solutions DPlus. Produits sp\u00e9cifiques divis\u00e9s par diff\u00e9rents types d'ouverture, fonctions et dimensions.","og_url":"https:\/\/dplusitalia.it\/fr\/produit\/spike_w-spike_b\/","og_site_name":"DPlus","article_publisher":"https:\/\/www.facebook.com\/people\/DPLUS-Automation-Systems\/100063538512160\/","article_modified_time":"2023-06-27T09:55:41+00:00","og_image":[{"width":914,"height":717,"url":"https:\/\/dplusitalia.it\/wp-content\/uploads\/2023\/03\/ALLARME_NERO-01.jpg","type":"image\/jpeg"}],"twitter_card":"summary_large_image","schema":{"@context":"https:\/\/schema.org","@graph":[{"@type":"WebPage","@id":"https:\/\/dplusitalia.it\/fr\/produit\/spike_w-spike_b\/","url":"https:\/\/dplusitalia.it\/fr\/produit\/spike_w-spike_b\/","name":"SPIKE_W\/SPIKE_B - MAISON INTELLIGENTE, SYST\u00c8ME D\u2019ALARM SANS FIL - DPlus","isPartOf":{"@id":"https:\/\/dplusitalia.it\/fr\/#website"},"datePublished":"2023-03-16T10:17:33+00:00","dateModified":"2023-06-27T09:55:41+00:00","description":"D\u00e9couvrez d\u00e8s maintenant SPIKE_W\/SPIKE_B, une des solutions DPlus. Produits sp\u00e9cifiques divis\u00e9s par diff\u00e9rents types d'ouverture, fonctions et dimensions.","breadcrumb":{"@id":"https:\/\/dplusitalia.it\/fr\/produit\/spike_w-spike_b\/#breadcrumb"},"inLanguage":"fr-FR","potentialAction":[{"@type":"ReadAction","target":["https:\/\/dplusitalia.it\/fr\/produit\/spike_w-spike_b\/"]}]},{"@type":"BreadcrumbList","@id":"https:\/\/dplusitalia.it\/fr\/produit\/spike_w-spike_b\/#breadcrumb","itemListElement":[{"@type":"ListItem","position":1,"name":"Home","item":"https:\/\/dplusitalia.it\/fr\/"},{"@type":"ListItem","position":2,"name":"Automatismes","item":"https:\/\/dplusitalia.it\/fr\/automatismes\/"},{"@type":"ListItem","position":3,"name":"SPIKE_W\/SPIKE_B"}]},{"@type":"WebSite","@id":"https:\/\/dplusitalia.it\/fr\/#website","url":"https:\/\/dplusitalia.it\/fr\/","name":"DPlus Srl","description":"Automation System","publisher":{"@id":"https:\/\/dplusitalia.it\/fr\/#organization"},"potentialAction":[{"@type":"SearchAction","target":{"@type":"EntryPoint","urlTemplate":"https:\/\/dplusitalia.it\/fr\/?s={search_term_string}"},"query-input":"required name=search_term_string"}],"inLanguage":"fr-FR"},{"@type":"Organization","@id":"https:\/\/dplusitalia.it\/fr\/#organization","name":"DPlus Srl","url":"https:\/\/dplusitalia.it\/fr\/","logo":{"@type":"ImageObject","inLanguage":"fr-FR","@id":"https:\/\/dplusitalia.it\/fr\/#\/schema\/logo\/image\/","url":"https:\/\/dplusitalia.it\/wp-content\/uploads\/2022\/11\/D-Plus_Logo_Generico_Web.png","contentUrl":"https:\/\/dplusitalia.it\/wp-content\/uploads\/2022\/11\/D-Plus_Logo_Generico_Web.png","width":400,"height":159,"caption":"DPlus Srl"},"image":{"@id":"https:\/\/dplusitalia.it\/fr\/#\/schema\/logo\/image\/"},"sameAs":["https:\/\/www.facebook.com\/people\/DPLUS-Automation-Systems\/100063538512160\/"]}]}},"_links":{"self":[{"href":"https:\/\/dplusitalia.it\/fr\/wp-json\/wp\/v2\/product\/2572","targetHints":{"allow":["GET"]}}],"collection":[{"href":"https:\/\/dplusitalia.it\/fr\/wp-json\/wp\/v2\/product"}],"about":[{"href":"https:\/\/dplusitalia.it\/fr\/wp-json\/wp\/v2\/types\/product"}],"replies":[{"embeddable":true,"href":"https:\/\/dplusitalia.it\/fr\/wp-json\/wp\/v2\/comments?post=2572"}],"wp:featuredmedia":[{"embeddable":true,"href":"https:\/\/dplusitalia.it\/fr\/wp-json\/wp\/v2\/media\/1684"}],"wp:attachment":[{"href":"https:\/\/dplusitalia.it\/fr\/wp-json\/wp\/v2\/media?parent=2572"}],"wp:term":[{"taxonomy":"product_brand","embeddable":true,"href":"https:\/\/dplusitalia.it\/fr\/wp-json\/wp\/v2\/product_brand?post=2572"},{"taxonomy":"product_cat","embeddable":true,"href":"https:\/\/dplusitalia.it\/fr\/wp-json\/wp\/v2\/product_cat?post=2572"},{"taxonomy":"product_tag","embeddable":true,"href":"https:\/\/dplusitalia.it\/fr\/wp-json\/wp\/v2\/product_tag?post=2572"}],"curies":[{"name":"wp","href":"https:\/\/api.w.org\/{rel}","templated":true}]}}