{"id":2569,"date":"2023-03-16T11:20:35","date_gmt":"2023-03-16T10:20:35","guid":{"rendered":"https:\/\/dplus.indaweb.it\/prodotto\/leo\/"},"modified":"2023-06-27T11:23:37","modified_gmt":"2023-06-27T09:23:37","slug":"leo","status":"publish","type":"product","link":"https:\/\/dplusitalia.it\/fr\/produit\/leo\/","title":{"rendered":"LEO"},"content":{"rendered":"<h3>SYST\u00c8ME D&rsquo;ALARM<\/h3>\n<p>T\u00e9l\u00e9commande<\/p>\n<ul>\n<li><strong>D\u00c9CLENCHEMENT DE L&rsquo;ALARME:<\/strong> Le syst\u00e8me d&rsquo;alarme est activ\u00e9, les d\u00e9tecteurs sont pr\u00eats \u00e0 \u00eatre d\u00e9clench\u00e9s, en cas de conditions dangerouses (effraction, incendie, fuite de gaz, etc), l&rsquo;alarme se d\u00e9clenche imm\u00e9diatement.<\/li>\n<li><strong>D\u00c9SACTIVATION DE L&rsquo;ALARME:<\/strong> Tous les capteurs sont d\u00e9sactiv\u00e9s et ils ne seront en aucun cas activ\u00e9s<\/li>\n<li><strong>ACTIVATION PARTIELLE:<\/strong> Activation partielle de l&rsquo;alarme lorsqu&rsquo;il y a des personnes dans la maison, seuls les capteurs s\u00e9lectionn\u00e9s sont disponibles pour l&rsquo;activation en cas de conditions dangereuses<\/li>\n<li><strong>URGENCE:<\/strong> bouton d&rsquo;urgence<\/li>\n<\/ul>\n","protected":false},"excerpt":{"rendered":"<p>SYST\u00c8ME D&rsquo;ALARM T\u00e9l\u00e9commande D\u00c9CLENCHEMENT DE L&rsquo;ALARME: Le syst\u00e8me d&rsquo;alarme est activ\u00e9, les d\u00e9tecteurs sont pr\u00eats \u00e0 \u00eatre d\u00e9clench\u00e9s, en cas de conditions dangerouses (effraction, incendie, fuite de gaz, etc), l&rsquo;alarme se d\u00e9clenche imm\u00e9diatement. D\u00c9SACTIVATION DE L&rsquo;ALARME: Tous les capteurs sont d\u00e9sactiv\u00e9s et ils ne seront en aucun cas activ\u00e9s ACTIVATION PARTIELLE: Activation partielle de l&rsquo;alarme [&hellip;]<\/p>\n","protected":false},"featured_media":1783,"comment_status":"open","ping_status":"closed","template":"","meta":{"_et_pb_use_builder":"","_et_pb_old_content":"","_et_gb_content_width":""},"product_brand":[],"product_cat":[77,78],"product_tag":[],"class_list":{"0":"post-2569","1":"product","2":"type-product","3":"status-publish","4":"has-post-thumbnail","6":"product_cat-maison-intelligente","7":"product_cat-systeme-dalarm-sans-fil","9":"first","10":"instock","11":"shipping-taxable","12":"product-type-simple"},"acf":[],"yoast_head":"<!-- This site is optimized with the Yoast SEO plugin v20.10 - https:\/\/yoast.com\/wordpress\/plugins\/seo\/ -->\n<title>LEO - MAISON INTELLIGENTE, SYST\u00c8ME D\u2019ALARM SANS FIL - DPlus<\/title>\n<meta name=\"description\" content=\"D\u00e9couvrez d\u00e8s maintenant LEO, une des solutions DPlus. Produits sp\u00e9cifiques divis\u00e9s par diff\u00e9rents types d&#039;ouverture, fonctions et dimensions.\" \/>\n<meta name=\"robots\" content=\"index, follow, max-snippet:-1, max-image-preview:large, max-video-preview:-1\" \/>\n<link rel=\"canonical\" href=\"https:\/\/dplusitalia.it\/fr\/produit\/leo\/\" \/>\n<meta property=\"og:locale\" content=\"fr_FR\" \/>\n<meta property=\"og:type\" content=\"article\" \/>\n<meta property=\"og:title\" content=\"LEO - MAISON INTELLIGENTE, SYST\u00c8ME D\u2019ALARM SANS FIL - DPlus\" \/>\n<meta property=\"og:description\" content=\"D\u00e9couvrez d\u00e8s maintenant LEO, une des solutions DPlus. Produits sp\u00e9cifiques divis\u00e9s par diff\u00e9rents types d&#039;ouverture, fonctions et dimensions.\" \/>\n<meta property=\"og:url\" content=\"https:\/\/dplusitalia.it\/fr\/produit\/leo\/\" \/>\n<meta property=\"og:site_name\" content=\"DPlus\" \/>\n<meta property=\"article:publisher\" content=\"https:\/\/www.facebook.com\/people\/DPLUS-Automation-Systems\/100063538512160\/\" \/>\n<meta property=\"article:modified_time\" content=\"2023-06-27T09:23:37+00:00\" \/>\n<meta property=\"og:image\" content=\"https:\/\/dplusitalia.it\/wp-content\/uploads\/2023\/03\/Leo.jpg\" \/>\n\t<meta property=\"og:image:width\" content=\"1080\" \/>\n\t<meta property=\"og:image:height\" content=\"1080\" \/>\n\t<meta property=\"og:image:type\" content=\"image\/jpeg\" \/>\n<meta name=\"twitter:card\" content=\"summary_large_image\" \/>\n<script type=\"application\/ld+json\" class=\"yoast-schema-graph\">{\"@context\":\"https:\/\/schema.org\",\"@graph\":[{\"@type\":\"WebPage\",\"@id\":\"https:\/\/dplusitalia.it\/fr\/produit\/leo\/\",\"url\":\"https:\/\/dplusitalia.it\/fr\/produit\/leo\/\",\"name\":\"LEO - MAISON INTELLIGENTE, SYST\u00c8ME D\u2019ALARM SANS FIL - DPlus\",\"isPartOf\":{\"@id\":\"https:\/\/dplusitalia.it\/fr\/#website\"},\"datePublished\":\"2023-03-16T10:20:35+00:00\",\"dateModified\":\"2023-06-27T09:23:37+00:00\",\"description\":\"D\u00e9couvrez d\u00e8s maintenant LEO, une des solutions DPlus. Produits sp\u00e9cifiques divis\u00e9s par diff\u00e9rents types d'ouverture, fonctions et dimensions.\",\"breadcrumb\":{\"@id\":\"https:\/\/dplusitalia.it\/fr\/produit\/leo\/#breadcrumb\"},\"inLanguage\":\"fr-FR\",\"potentialAction\":[{\"@type\":\"ReadAction\",\"target\":[\"https:\/\/dplusitalia.it\/fr\/produit\/leo\/\"]}]},{\"@type\":\"BreadcrumbList\",\"@id\":\"https:\/\/dplusitalia.it\/fr\/produit\/leo\/#breadcrumb\",\"itemListElement\":[{\"@type\":\"ListItem\",\"position\":1,\"name\":\"Home\",\"item\":\"https:\/\/dplusitalia.it\/fr\/\"},{\"@type\":\"ListItem\",\"position\":2,\"name\":\"Automatismes\",\"item\":\"https:\/\/dplusitalia.it\/fr\/automatismes\/\"},{\"@type\":\"ListItem\",\"position\":3,\"name\":\"LEO\"}]},{\"@type\":\"WebSite\",\"@id\":\"https:\/\/dplusitalia.it\/fr\/#website\",\"url\":\"https:\/\/dplusitalia.it\/fr\/\",\"name\":\"DPlus Srl\",\"description\":\"Automation System\",\"publisher\":{\"@id\":\"https:\/\/dplusitalia.it\/fr\/#organization\"},\"potentialAction\":[{\"@type\":\"SearchAction\",\"target\":{\"@type\":\"EntryPoint\",\"urlTemplate\":\"https:\/\/dplusitalia.it\/fr\/?s={search_term_string}\"},\"query-input\":\"required name=search_term_string\"}],\"inLanguage\":\"fr-FR\"},{\"@type\":\"Organization\",\"@id\":\"https:\/\/dplusitalia.it\/fr\/#organization\",\"name\":\"DPlus Srl\",\"url\":\"https:\/\/dplusitalia.it\/fr\/\",\"logo\":{\"@type\":\"ImageObject\",\"inLanguage\":\"fr-FR\",\"@id\":\"https:\/\/dplusitalia.it\/fr\/#\/schema\/logo\/image\/\",\"url\":\"https:\/\/dplusitalia.it\/wp-content\/uploads\/2022\/11\/D-Plus_Logo_Generico_Web.png\",\"contentUrl\":\"https:\/\/dplusitalia.it\/wp-content\/uploads\/2022\/11\/D-Plus_Logo_Generico_Web.png\",\"width\":400,\"height\":159,\"caption\":\"DPlus Srl\"},\"image\":{\"@id\":\"https:\/\/dplusitalia.it\/fr\/#\/schema\/logo\/image\/\"},\"sameAs\":[\"https:\/\/www.facebook.com\/people\/DPLUS-Automation-Systems\/100063538512160\/\"]}]}<\/script>\n<!-- \/ Yoast SEO plugin. -->","yoast_head_json":{"title":"LEO - MAISON INTELLIGENTE, SYST\u00c8ME D\u2019ALARM SANS FIL - DPlus","description":"D\u00e9couvrez d\u00e8s maintenant LEO, une des solutions DPlus. Produits sp\u00e9cifiques divis\u00e9s par diff\u00e9rents types d'ouverture, fonctions et dimensions.","robots":{"index":"index","follow":"follow","max-snippet":"max-snippet:-1","max-image-preview":"max-image-preview:large","max-video-preview":"max-video-preview:-1"},"canonical":"https:\/\/dplusitalia.it\/fr\/produit\/leo\/","og_locale":"fr_FR","og_type":"article","og_title":"LEO - MAISON INTELLIGENTE, SYST\u00c8ME D\u2019ALARM SANS FIL - DPlus","og_description":"D\u00e9couvrez d\u00e8s maintenant LEO, une des solutions DPlus. Produits sp\u00e9cifiques divis\u00e9s par diff\u00e9rents types d'ouverture, fonctions et dimensions.","og_url":"https:\/\/dplusitalia.it\/fr\/produit\/leo\/","og_site_name":"DPlus","article_publisher":"https:\/\/www.facebook.com\/people\/DPLUS-Automation-Systems\/100063538512160\/","article_modified_time":"2023-06-27T09:23:37+00:00","og_image":[{"width":1080,"height":1080,"url":"https:\/\/dplusitalia.it\/wp-content\/uploads\/2023\/03\/Leo.jpg","type":"image\/jpeg"}],"twitter_card":"summary_large_image","schema":{"@context":"https:\/\/schema.org","@graph":[{"@type":"WebPage","@id":"https:\/\/dplusitalia.it\/fr\/produit\/leo\/","url":"https:\/\/dplusitalia.it\/fr\/produit\/leo\/","name":"LEO - MAISON INTELLIGENTE, SYST\u00c8ME D\u2019ALARM SANS FIL - DPlus","isPartOf":{"@id":"https:\/\/dplusitalia.it\/fr\/#website"},"datePublished":"2023-03-16T10:20:35+00:00","dateModified":"2023-06-27T09:23:37+00:00","description":"D\u00e9couvrez d\u00e8s maintenant LEO, une des solutions DPlus. Produits sp\u00e9cifiques divis\u00e9s par diff\u00e9rents types d'ouverture, fonctions et dimensions.","breadcrumb":{"@id":"https:\/\/dplusitalia.it\/fr\/produit\/leo\/#breadcrumb"},"inLanguage":"fr-FR","potentialAction":[{"@type":"ReadAction","target":["https:\/\/dplusitalia.it\/fr\/produit\/leo\/"]}]},{"@type":"BreadcrumbList","@id":"https:\/\/dplusitalia.it\/fr\/produit\/leo\/#breadcrumb","itemListElement":[{"@type":"ListItem","position":1,"name":"Home","item":"https:\/\/dplusitalia.it\/fr\/"},{"@type":"ListItem","position":2,"name":"Automatismes","item":"https:\/\/dplusitalia.it\/fr\/automatismes\/"},{"@type":"ListItem","position":3,"name":"LEO"}]},{"@type":"WebSite","@id":"https:\/\/dplusitalia.it\/fr\/#website","url":"https:\/\/dplusitalia.it\/fr\/","name":"DPlus Srl","description":"Automation System","publisher":{"@id":"https:\/\/dplusitalia.it\/fr\/#organization"},"potentialAction":[{"@type":"SearchAction","target":{"@type":"EntryPoint","urlTemplate":"https:\/\/dplusitalia.it\/fr\/?s={search_term_string}"},"query-input":"required name=search_term_string"}],"inLanguage":"fr-FR"},{"@type":"Organization","@id":"https:\/\/dplusitalia.it\/fr\/#organization","name":"DPlus Srl","url":"https:\/\/dplusitalia.it\/fr\/","logo":{"@type":"ImageObject","inLanguage":"fr-FR","@id":"https:\/\/dplusitalia.it\/fr\/#\/schema\/logo\/image\/","url":"https:\/\/dplusitalia.it\/wp-content\/uploads\/2022\/11\/D-Plus_Logo_Generico_Web.png","contentUrl":"https:\/\/dplusitalia.it\/wp-content\/uploads\/2022\/11\/D-Plus_Logo_Generico_Web.png","width":400,"height":159,"caption":"DPlus Srl"},"image":{"@id":"https:\/\/dplusitalia.it\/fr\/#\/schema\/logo\/image\/"},"sameAs":["https:\/\/www.facebook.com\/people\/DPLUS-Automation-Systems\/100063538512160\/"]}]}},"_links":{"self":[{"href":"https:\/\/dplusitalia.it\/fr\/wp-json\/wp\/v2\/product\/2569","targetHints":{"allow":["GET"]}}],"collection":[{"href":"https:\/\/dplusitalia.it\/fr\/wp-json\/wp\/v2\/product"}],"about":[{"href":"https:\/\/dplusitalia.it\/fr\/wp-json\/wp\/v2\/types\/product"}],"replies":[{"embeddable":true,"href":"https:\/\/dplusitalia.it\/fr\/wp-json\/wp\/v2\/comments?post=2569"}],"wp:featuredmedia":[{"embeddable":true,"href":"https:\/\/dplusitalia.it\/fr\/wp-json\/wp\/v2\/media\/1783"}],"wp:attachment":[{"href":"https:\/\/dplusitalia.it\/fr\/wp-json\/wp\/v2\/media?parent=2569"}],"wp:term":[{"taxonomy":"product_brand","embeddable":true,"href":"https:\/\/dplusitalia.it\/fr\/wp-json\/wp\/v2\/product_brand?post=2569"},{"taxonomy":"product_cat","embeddable":true,"href":"https:\/\/dplusitalia.it\/fr\/wp-json\/wp\/v2\/product_cat?post=2569"},{"taxonomy":"product_tag","embeddable":true,"href":"https:\/\/dplusitalia.it\/fr\/wp-json\/wp\/v2\/product_tag?post=2569"}],"curies":[{"name":"wp","href":"https:\/\/api.w.org\/{rel}","templated":true}]}}