{"id":2570,"date":"2023-03-16T11:20:35","date_gmt":"2023-03-16T10:20:35","guid":{"rendered":"https:\/\/dplus.indaweb.it\/prodotto\/leo\/"},"modified":"2023-06-27T11:38:19","modified_gmt":"2023-06-27T09:38:19","slug":"leo","status":"publish","type":"product","link":"https:\/\/dplusitalia.it\/es\/producto\/leo\/","title":{"rendered":"LEO"},"content":{"rendered":"<h3>SISTEMA DE ALARMA<\/h3>\n<p>Mando a distancia<\/p>\n<ul>\n<li><strong>ACTIVACI\u00d3N DE LA ALARMA:<\/strong> El sistema de alarma est\u00e1 activado, todos los detectores est\u00e1n listos para activarse si se produce una situaci\u00f3n de peligro (robo, incendio, fuga de gas, etc.), la alarma se dispara inmediatamente.<\/li>\n<li><strong>DESACTIVACI\u00d3N DE LA ALARMA: <\/strong> todos los sensores est\u00e1n activados y no se activar\u00e1n bajo ninguna circunstancia.<\/li>\n<li><strong>ACTIVACI\u00d3N PARCIAL:<\/strong> cuando hay personas en la casa, s\u00f3lo los sensores seleccionados est\u00e1n disponibles para su activaci\u00f3n en caso de condiciones peligrosas.<\/li>\n<li><strong>EMERGENZA:<\/strong> Bot\u00f3n de emergencia<\/li>\n<\/ul>\n","protected":false},"excerpt":{"rendered":"<p>SISTEMA DE ALARMA Mando a distancia ACTIVACI\u00d3N DE LA ALARMA: El sistema de alarma est\u00e1 activado, todos los detectores est\u00e1n listos para activarse si se produce una situaci\u00f3n de peligro (robo, incendio, fuga de gas, etc.), la alarma se dispara inmediatamente. DESACTIVACI\u00d3N DE LA ALARMA: todos los sensores est\u00e1n activados y no se activar\u00e1n bajo [&hellip;]<\/p>\n","protected":false},"featured_media":1784,"comment_status":"open","ping_status":"closed","template":"","meta":{"_et_pb_use_builder":"","_et_pb_old_content":"","_et_gb_content_width":""},"product_brand":[],"product_cat":[87,88],"product_tag":[],"class_list":{"0":"post-2570","1":"product","2":"type-product","3":"status-publish","4":"has-post-thumbnail","6":"product_cat-casa-inteligente","7":"product_cat-sistema-de-alarma-inalambrico","9":"first","10":"instock","11":"shipping-taxable","12":"product-type-simple"},"acf":[],"yoast_head":"<!-- This site is optimized with the Yoast SEO plugin v20.10 - https:\/\/yoast.com\/wordpress\/plugins\/seo\/ -->\n<title>LEO - Casa Inteligente, SISTEMA DE ALARMA INAL\u00c1MBRICO - DPlus<\/title>\n<meta name=\"description\" content=\"Descubra ahora LEO, una de las soluciones DPlus. Productos espec\u00edficos divididos por diferentes tipos de apertura, funciones y dimensiones.\" \/>\n<meta name=\"robots\" content=\"index, follow, max-snippet:-1, max-image-preview:large, max-video-preview:-1\" \/>\n<link rel=\"canonical\" href=\"https:\/\/dplusitalia.it\/es\/producto\/leo\/\" \/>\n<meta property=\"og:locale\" content=\"es_ES\" \/>\n<meta property=\"og:type\" content=\"article\" \/>\n<meta property=\"og:title\" content=\"LEO - Casa Inteligente, SISTEMA DE ALARMA INAL\u00c1MBRICO - DPlus\" \/>\n<meta property=\"og:description\" content=\"Descubra ahora LEO, una de las soluciones DPlus. Productos espec\u00edficos divididos por diferentes tipos de apertura, funciones y dimensiones.\" \/>\n<meta property=\"og:url\" content=\"https:\/\/dplusitalia.it\/es\/producto\/leo\/\" \/>\n<meta property=\"og:site_name\" content=\"DPlus\" \/>\n<meta property=\"article:publisher\" content=\"https:\/\/www.facebook.com\/people\/DPLUS-Automation-Systems\/100063538512160\/\" \/>\n<meta property=\"article:modified_time\" content=\"2023-06-27T09:38:19+00:00\" \/>\n<meta property=\"og:image\" content=\"https:\/\/dplusitalia.it\/wp-content\/uploads\/2023\/03\/Leo.jpg\" \/>\n\t<meta property=\"og:image:width\" content=\"1080\" \/>\n\t<meta property=\"og:image:height\" content=\"1080\" \/>\n\t<meta property=\"og:image:type\" content=\"image\/jpeg\" \/>\n<meta name=\"twitter:card\" content=\"summary_large_image\" \/>\n<script type=\"application\/ld+json\" class=\"yoast-schema-graph\">{\"@context\":\"https:\/\/schema.org\",\"@graph\":[{\"@type\":\"WebPage\",\"@id\":\"https:\/\/dplusitalia.it\/es\/producto\/leo\/\",\"url\":\"https:\/\/dplusitalia.it\/es\/producto\/leo\/\",\"name\":\"LEO - Casa Inteligente, SISTEMA DE ALARMA INAL\u00c1MBRICO - DPlus\",\"isPartOf\":{\"@id\":\"https:\/\/dplusitalia.it\/es\/#website\"},\"datePublished\":\"2023-03-16T10:20:35+00:00\",\"dateModified\":\"2023-06-27T09:38:19+00:00\",\"description\":\"Descubra ahora LEO, una de las soluciones DPlus. Productos espec\u00edficos divididos por diferentes tipos de apertura, funciones y dimensiones.\",\"breadcrumb\":{\"@id\":\"https:\/\/dplusitalia.it\/es\/producto\/leo\/#breadcrumb\"},\"inLanguage\":\"es\",\"potentialAction\":[{\"@type\":\"ReadAction\",\"target\":[\"https:\/\/dplusitalia.it\/es\/producto\/leo\/\"]}]},{\"@type\":\"BreadcrumbList\",\"@id\":\"https:\/\/dplusitalia.it\/es\/producto\/leo\/#breadcrumb\",\"itemListElement\":[{\"@type\":\"ListItem\",\"position\":1,\"name\":\"Home\",\"item\":\"https:\/\/dplusitalia.it\/es\/home-video-old\/\"},{\"@type\":\"ListItem\",\"position\":2,\"name\":\"Automatismos\",\"item\":\"https:\/\/dplusitalia.it\/es\/automatismos\/\"},{\"@type\":\"ListItem\",\"position\":3,\"name\":\"LEO\"}]},{\"@type\":\"WebSite\",\"@id\":\"https:\/\/dplusitalia.it\/es\/#website\",\"url\":\"https:\/\/dplusitalia.it\/es\/\",\"name\":\"DPlus Srl\",\"description\":\"Automation System\",\"publisher\":{\"@id\":\"https:\/\/dplusitalia.it\/es\/#organization\"},\"potentialAction\":[{\"@type\":\"SearchAction\",\"target\":{\"@type\":\"EntryPoint\",\"urlTemplate\":\"https:\/\/dplusitalia.it\/es\/?s={search_term_string}\"},\"query-input\":\"required name=search_term_string\"}],\"inLanguage\":\"es\"},{\"@type\":\"Organization\",\"@id\":\"https:\/\/dplusitalia.it\/es\/#organization\",\"name\":\"DPlus Srl\",\"url\":\"https:\/\/dplusitalia.it\/es\/\",\"logo\":{\"@type\":\"ImageObject\",\"inLanguage\":\"es\",\"@id\":\"https:\/\/dplusitalia.it\/es\/#\/schema\/logo\/image\/\",\"url\":\"https:\/\/dplusitalia.it\/wp-content\/uploads\/2022\/11\/D-Plus_Logo_Generico_Web.png\",\"contentUrl\":\"https:\/\/dplusitalia.it\/wp-content\/uploads\/2022\/11\/D-Plus_Logo_Generico_Web.png\",\"width\":400,\"height\":159,\"caption\":\"DPlus Srl\"},\"image\":{\"@id\":\"https:\/\/dplusitalia.it\/es\/#\/schema\/logo\/image\/\"},\"sameAs\":[\"https:\/\/www.facebook.com\/people\/DPLUS-Automation-Systems\/100063538512160\/\"]}]}<\/script>\n<!-- \/ Yoast SEO plugin. -->","yoast_head_json":{"title":"LEO - Casa Inteligente, SISTEMA DE ALARMA INAL\u00c1MBRICO - DPlus","description":"Descubra ahora LEO, una de las soluciones DPlus. Productos espec\u00edficos divididos por diferentes tipos de apertura, funciones y dimensiones.","robots":{"index":"index","follow":"follow","max-snippet":"max-snippet:-1","max-image-preview":"max-image-preview:large","max-video-preview":"max-video-preview:-1"},"canonical":"https:\/\/dplusitalia.it\/es\/producto\/leo\/","og_locale":"es_ES","og_type":"article","og_title":"LEO - Casa Inteligente, SISTEMA DE ALARMA INAL\u00c1MBRICO - DPlus","og_description":"Descubra ahora LEO, una de las soluciones DPlus. Productos espec\u00edficos divididos por diferentes tipos de apertura, funciones y dimensiones.","og_url":"https:\/\/dplusitalia.it\/es\/producto\/leo\/","og_site_name":"DPlus","article_publisher":"https:\/\/www.facebook.com\/people\/DPLUS-Automation-Systems\/100063538512160\/","article_modified_time":"2023-06-27T09:38:19+00:00","og_image":[{"width":1080,"height":1080,"url":"https:\/\/dplusitalia.it\/wp-content\/uploads\/2023\/03\/Leo.jpg","type":"image\/jpeg"}],"twitter_card":"summary_large_image","schema":{"@context":"https:\/\/schema.org","@graph":[{"@type":"WebPage","@id":"https:\/\/dplusitalia.it\/es\/producto\/leo\/","url":"https:\/\/dplusitalia.it\/es\/producto\/leo\/","name":"LEO - Casa Inteligente, SISTEMA DE ALARMA INAL\u00c1MBRICO - DPlus","isPartOf":{"@id":"https:\/\/dplusitalia.it\/es\/#website"},"datePublished":"2023-03-16T10:20:35+00:00","dateModified":"2023-06-27T09:38:19+00:00","description":"Descubra ahora LEO, una de las soluciones DPlus. Productos espec\u00edficos divididos por diferentes tipos de apertura, funciones y dimensiones.","breadcrumb":{"@id":"https:\/\/dplusitalia.it\/es\/producto\/leo\/#breadcrumb"},"inLanguage":"es","potentialAction":[{"@type":"ReadAction","target":["https:\/\/dplusitalia.it\/es\/producto\/leo\/"]}]},{"@type":"BreadcrumbList","@id":"https:\/\/dplusitalia.it\/es\/producto\/leo\/#breadcrumb","itemListElement":[{"@type":"ListItem","position":1,"name":"Home","item":"https:\/\/dplusitalia.it\/es\/home-video-old\/"},{"@type":"ListItem","position":2,"name":"Automatismos","item":"https:\/\/dplusitalia.it\/es\/automatismos\/"},{"@type":"ListItem","position":3,"name":"LEO"}]},{"@type":"WebSite","@id":"https:\/\/dplusitalia.it\/es\/#website","url":"https:\/\/dplusitalia.it\/es\/","name":"DPlus Srl","description":"Automation System","publisher":{"@id":"https:\/\/dplusitalia.it\/es\/#organization"},"potentialAction":[{"@type":"SearchAction","target":{"@type":"EntryPoint","urlTemplate":"https:\/\/dplusitalia.it\/es\/?s={search_term_string}"},"query-input":"required name=search_term_string"}],"inLanguage":"es"},{"@type":"Organization","@id":"https:\/\/dplusitalia.it\/es\/#organization","name":"DPlus Srl","url":"https:\/\/dplusitalia.it\/es\/","logo":{"@type":"ImageObject","inLanguage":"es","@id":"https:\/\/dplusitalia.it\/es\/#\/schema\/logo\/image\/","url":"https:\/\/dplusitalia.it\/wp-content\/uploads\/2022\/11\/D-Plus_Logo_Generico_Web.png","contentUrl":"https:\/\/dplusitalia.it\/wp-content\/uploads\/2022\/11\/D-Plus_Logo_Generico_Web.png","width":400,"height":159,"caption":"DPlus Srl"},"image":{"@id":"https:\/\/dplusitalia.it\/es\/#\/schema\/logo\/image\/"},"sameAs":["https:\/\/www.facebook.com\/people\/DPLUS-Automation-Systems\/100063538512160\/"]}]}},"_links":{"self":[{"href":"https:\/\/dplusitalia.it\/es\/wp-json\/wp\/v2\/product\/2570","targetHints":{"allow":["GET"]}}],"collection":[{"href":"https:\/\/dplusitalia.it\/es\/wp-json\/wp\/v2\/product"}],"about":[{"href":"https:\/\/dplusitalia.it\/es\/wp-json\/wp\/v2\/types\/product"}],"replies":[{"embeddable":true,"href":"https:\/\/dplusitalia.it\/es\/wp-json\/wp\/v2\/comments?post=2570"}],"wp:featuredmedia":[{"embeddable":true,"href":"https:\/\/dplusitalia.it\/es\/wp-json\/wp\/v2\/media\/1784"}],"wp:attachment":[{"href":"https:\/\/dplusitalia.it\/es\/wp-json\/wp\/v2\/media?parent=2570"}],"wp:term":[{"taxonomy":"product_brand","embeddable":true,"href":"https:\/\/dplusitalia.it\/es\/wp-json\/wp\/v2\/product_brand?post=2570"},{"taxonomy":"product_cat","embeddable":true,"href":"https:\/\/dplusitalia.it\/es\/wp-json\/wp\/v2\/product_cat?post=2570"},{"taxonomy":"product_tag","embeddable":true,"href":"https:\/\/dplusitalia.it\/es\/wp-json\/wp\/v2\/product_tag?post=2570"}],"curies":[{"name":"wp","href":"https:\/\/api.w.org\/{rel}","templated":true}]}}