{"id":2564,"date":"2023-03-16T11:25:29","date_gmt":"2023-03-16T10:25:29","guid":{"rendered":"https:\/\/dplus.indaweb.it\/prodotto\/wis\/"},"modified":"2023-06-26T17:04:41","modified_gmt":"2023-06-26T15:04:41","slug":"wis","status":"publish","type":"product","link":"https:\/\/dplusitalia.it\/es\/producto\/wis\/","title":{"rendered":"WIS"},"content":{"rendered":"<h3>SISTEMA DE ALARMA<\/h3>\n<p>Sensor infrarrojo inal\u00e1mbrico de interior.<\/p>\n<ul>\n<li>Bater\u00eda interna: 3V CR2450<\/li>\n<li>Corriente de standby: &lt;15uA<\/li>\n<li>Corriente de trabajo: &lt;25mA<\/li>\n<li>Radio de detecci\u00f3n: 4-8 m<\/li>\n<li>Distancia inal\u00e1mbrica: 100 m (zona abierta)<\/li>\n<li>Frecuencia inal\u00e1mbrica: 433 Mhz<\/li>\n<\/ul>\n","protected":false},"excerpt":{"rendered":"<p>SISTEMA DE ALARMA Sensor infrarrojo inal\u00e1mbrico de interior. Bater\u00eda interna: 3V CR2450 Corriente de standby: &lt;15uA Corriente de trabajo: &lt;25mA Radio de detecci\u00f3n: 4-8 m Distancia inal\u00e1mbrica: 100 m (zona abierta) Frecuencia inal\u00e1mbrica: 433 Mhz<\/p>\n","protected":false},"featured_media":1751,"comment_status":"open","ping_status":"closed","template":"","meta":{"_et_pb_use_builder":"","_et_pb_old_content":"","_et_gb_content_width":""},"product_brand":[],"product_cat":[87,88],"product_tag":[],"class_list":{"0":"post-2564","1":"product","2":"type-product","3":"status-publish","4":"has-post-thumbnail","6":"product_cat-casa-inteligente","7":"product_cat-sistema-de-alarma-inalambrico","9":"first","10":"instock","11":"shipping-taxable","12":"product-type-simple"},"acf":[],"yoast_head":"<!-- This site is optimized with the Yoast SEO plugin v20.10 - https:\/\/yoast.com\/wordpress\/plugins\/seo\/ -->\n<title>WIS - Casa Inteligente, SISTEMA DE ALARMA INAL\u00c1MBRICO - DPlus<\/title>\n<meta name=\"description\" content=\"Descubra ahora WIS, una de las soluciones DPlus. Productos espec\u00edficos divididos por diferentes tipos de apertura, funciones y dimensiones.\" \/>\n<meta name=\"robots\" content=\"index, follow, max-snippet:-1, max-image-preview:large, max-video-preview:-1\" \/>\n<link rel=\"canonical\" href=\"https:\/\/dplusitalia.it\/es\/producto\/wis\/\" \/>\n<meta property=\"og:locale\" content=\"es_ES\" \/>\n<meta property=\"og:type\" content=\"article\" \/>\n<meta property=\"og:title\" content=\"WIS - Casa Inteligente, SISTEMA DE ALARMA INAL\u00c1MBRICO - DPlus\" \/>\n<meta property=\"og:description\" content=\"Descubra ahora WIS, una de las soluciones DPlus. Productos espec\u00edficos divididos por diferentes tipos de apertura, funciones y dimensiones.\" \/>\n<meta property=\"og:url\" content=\"https:\/\/dplusitalia.it\/es\/producto\/wis\/\" \/>\n<meta property=\"og:site_name\" content=\"DPlus\" \/>\n<meta property=\"article:publisher\" content=\"https:\/\/www.facebook.com\/people\/DPLUS-Automation-Systems\/100063538512160\/\" \/>\n<meta property=\"article:modified_time\" content=\"2023-06-26T15:04:41+00:00\" \/>\n<meta property=\"og:image\" content=\"https:\/\/dplusitalia.it\/wp-content\/uploads\/2023\/03\/SENSORE-WIS-1080x1080-1.jpg\" \/>\n\t<meta property=\"og:image:width\" content=\"1080\" \/>\n\t<meta property=\"og:image:height\" content=\"1080\" \/>\n\t<meta property=\"og:image:type\" content=\"image\/jpeg\" \/>\n<meta name=\"twitter:card\" content=\"summary_large_image\" \/>\n<script type=\"application\/ld+json\" class=\"yoast-schema-graph\">{\"@context\":\"https:\/\/schema.org\",\"@graph\":[{\"@type\":\"WebPage\",\"@id\":\"https:\/\/dplusitalia.it\/es\/producto\/wis\/\",\"url\":\"https:\/\/dplusitalia.it\/es\/producto\/wis\/\",\"name\":\"WIS - Casa Inteligente, SISTEMA DE ALARMA INAL\u00c1MBRICO - DPlus\",\"isPartOf\":{\"@id\":\"https:\/\/dplusitalia.it\/es\/#website\"},\"datePublished\":\"2023-03-16T10:25:29+00:00\",\"dateModified\":\"2023-06-26T15:04:41+00:00\",\"description\":\"Descubra ahora WIS, una de las soluciones DPlus. Productos espec\u00edficos divididos por diferentes tipos de apertura, funciones y dimensiones.\",\"breadcrumb\":{\"@id\":\"https:\/\/dplusitalia.it\/es\/producto\/wis\/#breadcrumb\"},\"inLanguage\":\"es\",\"potentialAction\":[{\"@type\":\"ReadAction\",\"target\":[\"https:\/\/dplusitalia.it\/es\/producto\/wis\/\"]}]},{\"@type\":\"BreadcrumbList\",\"@id\":\"https:\/\/dplusitalia.it\/es\/producto\/wis\/#breadcrumb\",\"itemListElement\":[{\"@type\":\"ListItem\",\"position\":1,\"name\":\"Home\",\"item\":\"https:\/\/dplusitalia.it\/es\/home-video-old\/\"},{\"@type\":\"ListItem\",\"position\":2,\"name\":\"Automatismos\",\"item\":\"https:\/\/dplusitalia.it\/es\/automatismos\/\"},{\"@type\":\"ListItem\",\"position\":3,\"name\":\"WIS\"}]},{\"@type\":\"WebSite\",\"@id\":\"https:\/\/dplusitalia.it\/es\/#website\",\"url\":\"https:\/\/dplusitalia.it\/es\/\",\"name\":\"DPlus Srl\",\"description\":\"Automation System\",\"publisher\":{\"@id\":\"https:\/\/dplusitalia.it\/es\/#organization\"},\"potentialAction\":[{\"@type\":\"SearchAction\",\"target\":{\"@type\":\"EntryPoint\",\"urlTemplate\":\"https:\/\/dplusitalia.it\/es\/?s={search_term_string}\"},\"query-input\":\"required name=search_term_string\"}],\"inLanguage\":\"es\"},{\"@type\":\"Organization\",\"@id\":\"https:\/\/dplusitalia.it\/es\/#organization\",\"name\":\"DPlus Srl\",\"url\":\"https:\/\/dplusitalia.it\/es\/\",\"logo\":{\"@type\":\"ImageObject\",\"inLanguage\":\"es\",\"@id\":\"https:\/\/dplusitalia.it\/es\/#\/schema\/logo\/image\/\",\"url\":\"https:\/\/dplusitalia.it\/wp-content\/uploads\/2022\/11\/D-Plus_Logo_Generico_Web.png\",\"contentUrl\":\"https:\/\/dplusitalia.it\/wp-content\/uploads\/2022\/11\/D-Plus_Logo_Generico_Web.png\",\"width\":400,\"height\":159,\"caption\":\"DPlus Srl\"},\"image\":{\"@id\":\"https:\/\/dplusitalia.it\/es\/#\/schema\/logo\/image\/\"},\"sameAs\":[\"https:\/\/www.facebook.com\/people\/DPLUS-Automation-Systems\/100063538512160\/\"]}]}<\/script>\n<!-- \/ Yoast SEO plugin. -->","yoast_head_json":{"title":"WIS - Casa Inteligente, SISTEMA DE ALARMA INAL\u00c1MBRICO - DPlus","description":"Descubra ahora WIS, una de las soluciones DPlus. Productos espec\u00edficos divididos por diferentes tipos de apertura, funciones y dimensiones.","robots":{"index":"index","follow":"follow","max-snippet":"max-snippet:-1","max-image-preview":"max-image-preview:large","max-video-preview":"max-video-preview:-1"},"canonical":"https:\/\/dplusitalia.it\/es\/producto\/wis\/","og_locale":"es_ES","og_type":"article","og_title":"WIS - Casa Inteligente, SISTEMA DE ALARMA INAL\u00c1MBRICO - DPlus","og_description":"Descubra ahora WIS, una de las soluciones DPlus. Productos espec\u00edficos divididos por diferentes tipos de apertura, funciones y dimensiones.","og_url":"https:\/\/dplusitalia.it\/es\/producto\/wis\/","og_site_name":"DPlus","article_publisher":"https:\/\/www.facebook.com\/people\/DPLUS-Automation-Systems\/100063538512160\/","article_modified_time":"2023-06-26T15:04:41+00:00","og_image":[{"width":1080,"height":1080,"url":"https:\/\/dplusitalia.it\/wp-content\/uploads\/2023\/03\/SENSORE-WIS-1080x1080-1.jpg","type":"image\/jpeg"}],"twitter_card":"summary_large_image","schema":{"@context":"https:\/\/schema.org","@graph":[{"@type":"WebPage","@id":"https:\/\/dplusitalia.it\/es\/producto\/wis\/","url":"https:\/\/dplusitalia.it\/es\/producto\/wis\/","name":"WIS - Casa Inteligente, SISTEMA DE ALARMA INAL\u00c1MBRICO - DPlus","isPartOf":{"@id":"https:\/\/dplusitalia.it\/es\/#website"},"datePublished":"2023-03-16T10:25:29+00:00","dateModified":"2023-06-26T15:04:41+00:00","description":"Descubra ahora WIS, una de las soluciones DPlus. Productos espec\u00edficos divididos por diferentes tipos de apertura, funciones y dimensiones.","breadcrumb":{"@id":"https:\/\/dplusitalia.it\/es\/producto\/wis\/#breadcrumb"},"inLanguage":"es","potentialAction":[{"@type":"ReadAction","target":["https:\/\/dplusitalia.it\/es\/producto\/wis\/"]}]},{"@type":"BreadcrumbList","@id":"https:\/\/dplusitalia.it\/es\/producto\/wis\/#breadcrumb","itemListElement":[{"@type":"ListItem","position":1,"name":"Home","item":"https:\/\/dplusitalia.it\/es\/home-video-old\/"},{"@type":"ListItem","position":2,"name":"Automatismos","item":"https:\/\/dplusitalia.it\/es\/automatismos\/"},{"@type":"ListItem","position":3,"name":"WIS"}]},{"@type":"WebSite","@id":"https:\/\/dplusitalia.it\/es\/#website","url":"https:\/\/dplusitalia.it\/es\/","name":"DPlus Srl","description":"Automation System","publisher":{"@id":"https:\/\/dplusitalia.it\/es\/#organization"},"potentialAction":[{"@type":"SearchAction","target":{"@type":"EntryPoint","urlTemplate":"https:\/\/dplusitalia.it\/es\/?s={search_term_string}"},"query-input":"required name=search_term_string"}],"inLanguage":"es"},{"@type":"Organization","@id":"https:\/\/dplusitalia.it\/es\/#organization","name":"DPlus Srl","url":"https:\/\/dplusitalia.it\/es\/","logo":{"@type":"ImageObject","inLanguage":"es","@id":"https:\/\/dplusitalia.it\/es\/#\/schema\/logo\/image\/","url":"https:\/\/dplusitalia.it\/wp-content\/uploads\/2022\/11\/D-Plus_Logo_Generico_Web.png","contentUrl":"https:\/\/dplusitalia.it\/wp-content\/uploads\/2022\/11\/D-Plus_Logo_Generico_Web.png","width":400,"height":159,"caption":"DPlus Srl"},"image":{"@id":"https:\/\/dplusitalia.it\/es\/#\/schema\/logo\/image\/"},"sameAs":["https:\/\/www.facebook.com\/people\/DPLUS-Automation-Systems\/100063538512160\/"]}]}},"_links":{"self":[{"href":"https:\/\/dplusitalia.it\/es\/wp-json\/wp\/v2\/product\/2564","targetHints":{"allow":["GET"]}}],"collection":[{"href":"https:\/\/dplusitalia.it\/es\/wp-json\/wp\/v2\/product"}],"about":[{"href":"https:\/\/dplusitalia.it\/es\/wp-json\/wp\/v2\/types\/product"}],"replies":[{"embeddable":true,"href":"https:\/\/dplusitalia.it\/es\/wp-json\/wp\/v2\/comments?post=2564"}],"wp:featuredmedia":[{"embeddable":true,"href":"https:\/\/dplusitalia.it\/es\/wp-json\/wp\/v2\/media\/1751"}],"wp:attachment":[{"href":"https:\/\/dplusitalia.it\/es\/wp-json\/wp\/v2\/media?parent=2564"}],"wp:term":[{"taxonomy":"product_brand","embeddable":true,"href":"https:\/\/dplusitalia.it\/es\/wp-json\/wp\/v2\/product_brand?post=2564"},{"taxonomy":"product_cat","embeddable":true,"href":"https:\/\/dplusitalia.it\/es\/wp-json\/wp\/v2\/product_cat?post=2564"},{"taxonomy":"product_tag","embeddable":true,"href":"https:\/\/dplusitalia.it\/es\/wp-json\/wp\/v2\/product_tag?post=2564"}],"curies":[{"name":"wp","href":"https:\/\/api.w.org\/{rel}","templated":true}]}}