{"id":2560,"date":"2023-03-16T11:27:30","date_gmt":"2023-03-16T10:27:30","guid":{"rendered":"https:\/\/dplus.indaweb.it\/prodotto\/sir\/"},"modified":"2023-06-26T16:52:48","modified_gmt":"2023-06-26T14:52:48","slug":"sir","status":"publish","type":"product","link":"https:\/\/dplusitalia.it\/es\/producto\/sir\/","title":{"rendered":"SIR"},"content":{"rendered":"<h3>SISTEMA DE ALARMA<\/h3>\n<p>Sirena<\/p>\n<ul>\n<li>Tensi\u00f3n de entrada: DC5V<\/li>\n<li>Bater\u00eda integrada en la sirena: 3,7V, 400mah de litio<\/li>\n<li>Corriente de espera: &lt;20mA<\/li>\n<li>Corriente de alarma: &lt;300mA<\/li>\n<li>Frecuencia de recepci\u00f3n: 433MHz<\/li>\n<li>Distancia de recepci\u00f3n: 80m (zona abierta)<\/li>\n<li>Duraci\u00f3n del sonido: max. 5 min.<\/li>\n<li>Temperatura de funcionamiento: -20\u00b0\/+55\u00b0<\/li>\n<li>funci\u00f3n antimanipulaci\u00f3n<\/li>\n<\/ul>\n","protected":false},"excerpt":{"rendered":"<p>SISTEMA DE ALARMA Sirena Tensi\u00f3n de entrada: DC5V Bater\u00eda integrada en la sirena: 3,7V, 400mah de litio Corriente de espera: &lt;20mA Corriente de alarma: &lt;300mA Frecuencia de recepci\u00f3n: 433MHz Distancia de recepci\u00f3n: 80m (zona abierta) Duraci\u00f3n del sonido: max. 5 min. Temperatura de funcionamiento: -20\u00b0\/+55\u00b0 funci\u00f3n antimanipulaci\u00f3n<\/p>\n","protected":false},"featured_media":1790,"comment_status":"open","ping_status":"closed","template":"","meta":{"_et_pb_use_builder":"","_et_pb_old_content":"","_et_gb_content_width":""},"product_brand":[],"product_cat":[87,88],"product_tag":[],"class_list":{"0":"post-2560","1":"product","2":"type-product","3":"status-publish","4":"has-post-thumbnail","6":"product_cat-casa-inteligente","7":"product_cat-sistema-de-alarma-inalambrico","9":"first","10":"instock","11":"shipping-taxable","12":"product-type-simple"},"acf":[],"yoast_head":"<!-- This site is optimized with the Yoast SEO plugin v20.10 - https:\/\/yoast.com\/wordpress\/plugins\/seo\/ -->\n<title>SIR - Casa Inteligente, SISTEMA DE ALARMA INAL\u00c1MBRICO - DPlus<\/title>\n<meta name=\"description\" content=\"Descubra ahora SIR, una de las soluciones DPlus. Productos espec\u00edficos divididos por diferentes tipos de apertura, funciones y dimensiones.\" \/>\n<meta name=\"robots\" content=\"index, follow, max-snippet:-1, max-image-preview:large, max-video-preview:-1\" \/>\n<link rel=\"canonical\" href=\"https:\/\/dplusitalia.it\/es\/producto\/sir\/\" \/>\n<meta property=\"og:locale\" content=\"es_ES\" \/>\n<meta property=\"og:type\" content=\"article\" \/>\n<meta property=\"og:title\" content=\"SIR - Casa Inteligente, SISTEMA DE ALARMA INAL\u00c1MBRICO - DPlus\" \/>\n<meta property=\"og:description\" content=\"Descubra ahora SIR, una de las soluciones DPlus. Productos espec\u00edficos divididos por diferentes tipos de apertura, funciones y dimensiones.\" \/>\n<meta property=\"og:url\" content=\"https:\/\/dplusitalia.it\/es\/producto\/sir\/\" \/>\n<meta property=\"og:site_name\" content=\"DPlus\" \/>\n<meta property=\"article:publisher\" content=\"https:\/\/www.facebook.com\/people\/DPLUS-Automation-Systems\/100063538512160\/\" \/>\n<meta property=\"article:modified_time\" content=\"2023-06-26T14:52:48+00:00\" \/>\n<meta property=\"og:image\" content=\"https:\/\/dplusitalia.it\/wp-content\/uploads\/2023\/03\/SIR.jpg\" \/>\n\t<meta property=\"og:image:width\" content=\"1080\" \/>\n\t<meta property=\"og:image:height\" content=\"1080\" \/>\n\t<meta property=\"og:image:type\" content=\"image\/jpeg\" \/>\n<meta name=\"twitter:card\" content=\"summary_large_image\" \/>\n<script type=\"application\/ld+json\" class=\"yoast-schema-graph\">{\"@context\":\"https:\/\/schema.org\",\"@graph\":[{\"@type\":\"WebPage\",\"@id\":\"https:\/\/dplusitalia.it\/es\/producto\/sir\/\",\"url\":\"https:\/\/dplusitalia.it\/es\/producto\/sir\/\",\"name\":\"SIR - Casa Inteligente, SISTEMA DE ALARMA INAL\u00c1MBRICO - DPlus\",\"isPartOf\":{\"@id\":\"https:\/\/dplusitalia.it\/es\/#website\"},\"datePublished\":\"2023-03-16T10:27:30+00:00\",\"dateModified\":\"2023-06-26T14:52:48+00:00\",\"description\":\"Descubra ahora SIR, una de las soluciones DPlus. Productos espec\u00edficos divididos por diferentes tipos de apertura, funciones y dimensiones.\",\"breadcrumb\":{\"@id\":\"https:\/\/dplusitalia.it\/es\/producto\/sir\/#breadcrumb\"},\"inLanguage\":\"es\",\"potentialAction\":[{\"@type\":\"ReadAction\",\"target\":[\"https:\/\/dplusitalia.it\/es\/producto\/sir\/\"]}]},{\"@type\":\"BreadcrumbList\",\"@id\":\"https:\/\/dplusitalia.it\/es\/producto\/sir\/#breadcrumb\",\"itemListElement\":[{\"@type\":\"ListItem\",\"position\":1,\"name\":\"Home\",\"item\":\"https:\/\/dplusitalia.it\/es\/home-video-old\/\"},{\"@type\":\"ListItem\",\"position\":2,\"name\":\"Automatismos\",\"item\":\"https:\/\/dplusitalia.it\/es\/automatismos\/\"},{\"@type\":\"ListItem\",\"position\":3,\"name\":\"SIR\"}]},{\"@type\":\"WebSite\",\"@id\":\"https:\/\/dplusitalia.it\/es\/#website\",\"url\":\"https:\/\/dplusitalia.it\/es\/\",\"name\":\"DPlus Srl\",\"description\":\"Automation System\",\"publisher\":{\"@id\":\"https:\/\/dplusitalia.it\/es\/#organization\"},\"potentialAction\":[{\"@type\":\"SearchAction\",\"target\":{\"@type\":\"EntryPoint\",\"urlTemplate\":\"https:\/\/dplusitalia.it\/es\/?s={search_term_string}\"},\"query-input\":\"required name=search_term_string\"}],\"inLanguage\":\"es\"},{\"@type\":\"Organization\",\"@id\":\"https:\/\/dplusitalia.it\/es\/#organization\",\"name\":\"DPlus Srl\",\"url\":\"https:\/\/dplusitalia.it\/es\/\",\"logo\":{\"@type\":\"ImageObject\",\"inLanguage\":\"es\",\"@id\":\"https:\/\/dplusitalia.it\/es\/#\/schema\/logo\/image\/\",\"url\":\"https:\/\/dplusitalia.it\/wp-content\/uploads\/2022\/11\/D-Plus_Logo_Generico_Web.png\",\"contentUrl\":\"https:\/\/dplusitalia.it\/wp-content\/uploads\/2022\/11\/D-Plus_Logo_Generico_Web.png\",\"width\":400,\"height\":159,\"caption\":\"DPlus Srl\"},\"image\":{\"@id\":\"https:\/\/dplusitalia.it\/es\/#\/schema\/logo\/image\/\"},\"sameAs\":[\"https:\/\/www.facebook.com\/people\/DPLUS-Automation-Systems\/100063538512160\/\"]}]}<\/script>\n<!-- \/ Yoast SEO plugin. -->","yoast_head_json":{"title":"SIR - Casa Inteligente, SISTEMA DE ALARMA INAL\u00c1MBRICO - DPlus","description":"Descubra ahora SIR, una de las soluciones DPlus. Productos espec\u00edficos divididos por diferentes tipos de apertura, funciones y dimensiones.","robots":{"index":"index","follow":"follow","max-snippet":"max-snippet:-1","max-image-preview":"max-image-preview:large","max-video-preview":"max-video-preview:-1"},"canonical":"https:\/\/dplusitalia.it\/es\/producto\/sir\/","og_locale":"es_ES","og_type":"article","og_title":"SIR - Casa Inteligente, SISTEMA DE ALARMA INAL\u00c1MBRICO - DPlus","og_description":"Descubra ahora SIR, una de las soluciones DPlus. Productos espec\u00edficos divididos por diferentes tipos de apertura, funciones y dimensiones.","og_url":"https:\/\/dplusitalia.it\/es\/producto\/sir\/","og_site_name":"DPlus","article_publisher":"https:\/\/www.facebook.com\/people\/DPLUS-Automation-Systems\/100063538512160\/","article_modified_time":"2023-06-26T14:52:48+00:00","og_image":[{"width":1080,"height":1080,"url":"https:\/\/dplusitalia.it\/wp-content\/uploads\/2023\/03\/SIR.jpg","type":"image\/jpeg"}],"twitter_card":"summary_large_image","schema":{"@context":"https:\/\/schema.org","@graph":[{"@type":"WebPage","@id":"https:\/\/dplusitalia.it\/es\/producto\/sir\/","url":"https:\/\/dplusitalia.it\/es\/producto\/sir\/","name":"SIR - Casa Inteligente, SISTEMA DE ALARMA INAL\u00c1MBRICO - DPlus","isPartOf":{"@id":"https:\/\/dplusitalia.it\/es\/#website"},"datePublished":"2023-03-16T10:27:30+00:00","dateModified":"2023-06-26T14:52:48+00:00","description":"Descubra ahora SIR, una de las soluciones DPlus. Productos espec\u00edficos divididos por diferentes tipos de apertura, funciones y dimensiones.","breadcrumb":{"@id":"https:\/\/dplusitalia.it\/es\/producto\/sir\/#breadcrumb"},"inLanguage":"es","potentialAction":[{"@type":"ReadAction","target":["https:\/\/dplusitalia.it\/es\/producto\/sir\/"]}]},{"@type":"BreadcrumbList","@id":"https:\/\/dplusitalia.it\/es\/producto\/sir\/#breadcrumb","itemListElement":[{"@type":"ListItem","position":1,"name":"Home","item":"https:\/\/dplusitalia.it\/es\/home-video-old\/"},{"@type":"ListItem","position":2,"name":"Automatismos","item":"https:\/\/dplusitalia.it\/es\/automatismos\/"},{"@type":"ListItem","position":3,"name":"SIR"}]},{"@type":"WebSite","@id":"https:\/\/dplusitalia.it\/es\/#website","url":"https:\/\/dplusitalia.it\/es\/","name":"DPlus Srl","description":"Automation System","publisher":{"@id":"https:\/\/dplusitalia.it\/es\/#organization"},"potentialAction":[{"@type":"SearchAction","target":{"@type":"EntryPoint","urlTemplate":"https:\/\/dplusitalia.it\/es\/?s={search_term_string}"},"query-input":"required name=search_term_string"}],"inLanguage":"es"},{"@type":"Organization","@id":"https:\/\/dplusitalia.it\/es\/#organization","name":"DPlus Srl","url":"https:\/\/dplusitalia.it\/es\/","logo":{"@type":"ImageObject","inLanguage":"es","@id":"https:\/\/dplusitalia.it\/es\/#\/schema\/logo\/image\/","url":"https:\/\/dplusitalia.it\/wp-content\/uploads\/2022\/11\/D-Plus_Logo_Generico_Web.png","contentUrl":"https:\/\/dplusitalia.it\/wp-content\/uploads\/2022\/11\/D-Plus_Logo_Generico_Web.png","width":400,"height":159,"caption":"DPlus Srl"},"image":{"@id":"https:\/\/dplusitalia.it\/es\/#\/schema\/logo\/image\/"},"sameAs":["https:\/\/www.facebook.com\/people\/DPLUS-Automation-Systems\/100063538512160\/"]}]}},"_links":{"self":[{"href":"https:\/\/dplusitalia.it\/es\/wp-json\/wp\/v2\/product\/2560","targetHints":{"allow":["GET"]}}],"collection":[{"href":"https:\/\/dplusitalia.it\/es\/wp-json\/wp\/v2\/product"}],"about":[{"href":"https:\/\/dplusitalia.it\/es\/wp-json\/wp\/v2\/types\/product"}],"replies":[{"embeddable":true,"href":"https:\/\/dplusitalia.it\/es\/wp-json\/wp\/v2\/comments?post=2560"}],"wp:featuredmedia":[{"embeddable":true,"href":"https:\/\/dplusitalia.it\/es\/wp-json\/wp\/v2\/media\/1790"}],"wp:attachment":[{"href":"https:\/\/dplusitalia.it\/es\/wp-json\/wp\/v2\/media?parent=2560"}],"wp:term":[{"taxonomy":"product_brand","embeddable":true,"href":"https:\/\/dplusitalia.it\/es\/wp-json\/wp\/v2\/product_brand?post=2560"},{"taxonomy":"product_cat","embeddable":true,"href":"https:\/\/dplusitalia.it\/es\/wp-json\/wp\/v2\/product_cat?post=2560"},{"taxonomy":"product_tag","embeddable":true,"href":"https:\/\/dplusitalia.it\/es\/wp-json\/wp\/v2\/product_tag?post=2560"}],"curies":[{"name":"wp","href":"https:\/\/api.w.org\/{rel}","templated":true}]}}